{"id":83,"date":"2025-01-29T16:29:42","date_gmt":"2025-01-29T15:29:42","guid":{"rendered":"https:\/\/hirte-arbeitssicherheit.de\/?page_id=83"},"modified":"2025-02-06T18:58:27","modified_gmt":"2025-02-06T17:58:27","slug":"qualitaetsmanagement","status":"publish","type":"page","link":"https:\/\/hirte-arbeitssicherheit.de\/index.php\/qualitaetsmanagement\/","title":{"rendered":"Qualit\u00e4tsmanagement"},"content":{"rendered":"\n<p><strong>Managementsysteme &amp; QM: Struktur f\u00fcr nachhaltigen Erfolg!<\/strong><\/p>\n\n\n\n<p>Effiziente Prozesse, hohe Qualit\u00e4t und klare Strukturen \u2013 Managementsysteme und Qualit\u00e4tsmanagement (QM) sind entscheidend f\u00fcr den langfristigen Erfolg eines Unternehmens. Sie helfen, Abl\u00e4ufe zu optimieren, Risiken zu minimieren und die Wettbewerbsf\u00e4higkeit zu steigern.<\/p>\n\n\n\n<p>Ein gut durchdachtes Managementsystem sorgt f\u00fcr Transparenz und Effizienz. Es definiert klare Verantwortlichkeiten, standardisiert Prozesse und stellt sicher, dass gesetzliche sowie betriebliche Anforderungen erf\u00fcllt werden. Besonders in sicherheitskritischen Branchen tr\u00e4gt ein strukturiertes Management ma\u00dfgeblich zur Vermeidung von Unf\u00e4llen und Fehlern bei.<\/p>\n\n\n\n<p>Das Qualit\u00e4tsmanagement (QM) geht noch einen Schritt weiter: Es zielt darauf ab, kontinuierliche Verbesserungen zu erreichen und Kundenanforderungen bestm\u00f6glich zu erf\u00fcllen. Normen wie ISO 9001 oder ISO 45001 helfen Unternehmen, ein systematisches und messbares QM aufzubauen, das den Betrieb langfristig optimiert.<\/p>\n\n\n\n<p>Durch die Einf\u00fchrung von Managementsystemen profitieren Unternehmen von effizienteren Prozessen, geringeren Fehlerquoten und einer verbesserten Sicherheit. Ein professionell umgesetztes QM st\u00e4rkt nicht nur das Vertrauen von Kunden und Partnern, sondern steigert auch die Motivation der Mitarbeiter \u2013 denn Qualit\u00e4t beginnt mit einer starken Organisation!<\/p>\n","protected":false},"excerpt":{"rendered":"<p>Managementsysteme &amp; QM: Struktur f\u00fcr nachhaltigen Erfolg! Effiziente Prozesse, hohe Qualit\u00e4t und klare Strukturen \u2013 Managementsysteme und Qualit\u00e4tsmanagement (QM) sind entscheidend f\u00fcr den langfristigen Erfolg&hellip;<\/p>\n","protected":false},"author":1,"featured_media":0,"parent":0,"menu_order":0,"comment_status":"closed","ping_status":"closed","template":"","meta":{"footnotes":""},"class_list":["post-83","page","type-page","status-publish","hentry"],"_links":{"self":[{"href":"https:\/\/hirte-arbeitssicherheit.de\/index.php\/wp-json\/wp\/v2\/pages\/83","targetHints":{"allow":["GET"]}}],"collection":[{"href":"https:\/\/hirte-arbeitssicherheit.de\/index.php\/wp-json\/wp\/v2\/pages"}],"about":[{"href":"https:\/\/hirte-arbeitssicherheit.de\/index.php\/wp-json\/wp\/v2\/types\/page"}],"author":[{"embeddable":true,"href":"https:\/\/hirte-arbeitssicherheit.de\/index.php\/wp-json\/wp\/v2\/users\/1"}],"replies":[{"embeddable":true,"href":"https:\/\/hirte-arbeitssicherheit.de\/index.php\/wp-json\/wp\/v2\/comments?post=83"}],"version-history":[{"count":2,"href":"https:\/\/hirte-arbeitssicherheit.de\/index.php\/wp-json\/wp\/v2\/pages\/83\/revisions"}],"predecessor-version":[{"id":125,"href":"https:\/\/hirte-arbeitssicherheit.de\/index.php\/wp-json\/wp\/v2\/pages\/83\/revisions\/125"}],"wp:attachment":[{"href":"https:\/\/hirte-arbeitssicherheit.de\/index.php\/wp-json\/wp\/v2\/media?parent=83"}],"curies":[{"name":"wp","href":"https:\/\/api.w.org\/{rel}","templated":true}]}}