{"id":79,"date":"2025-01-29T16:29:02","date_gmt":"2025-01-29T15:29:02","guid":{"rendered":"https:\/\/hirte-arbeitssicherheit.de\/?page_id=79"},"modified":"2025-02-06T18:57:04","modified_gmt":"2025-02-06T17:57:04","slug":"baustellensicherheit","status":"publish","type":"page","link":"https:\/\/hirte-arbeitssicherheit.de\/index.php\/baustellensicherheit\/","title":{"rendered":"Baustellensicherheit"},"content":{"rendered":"\n<p><strong>SiGeKo: Sicherheit auf der Baustelle beginnt mit Planung!<\/strong><\/p>\n\n\n\n<p>Auf Baustellen lauern zahlreiche Gefahren \u2013 von Absturzrisiken \u00fcber schwere Maschinen bis hin zu unkoordinierten Abl\u00e4ufen. Ein Sicherheits- und Gesundheitsschutzkoordinator (SiGeKo) sorgt daf\u00fcr, dass alle Ma\u00dfnahmen zur Arbeitssicherheit bereits in der Planungsphase ber\u00fccksichtigt und auf der Baustelle konsequent umgesetzt werden.<\/p>\n\n\n\n<p>Der SiGeKo erstellt den Sicherheits- und Gesundheitsschutzplan (SiGe-Plan), der Gefahren analysiert, Schutzma\u00dfnahmen definiert und die Zusammenarbeit aller Gewerke koordiniert. Dadurch werden Unf\u00e4lle verhindert und Arbeitsabl\u00e4ufe optimiert. Besonders auf Gro\u00dfbaustellen ist eine strukturierte Sicherheitsorganisation unverzichtbar, um Risiken zu minimieren und den gesetzlichen Anforderungen zu entsprechen.<\/p>\n\n\n\n<p>Ein weiterer wichtiger Punkt ist die regelm\u00e4\u00dfige Kontrolle und Anpassung der Sicherheitsma\u00dfnahmen. Der SiGeKo f\u00fchrt Sicherheitsbegehungen durch, schult die Beteiligten und stellt sicher, dass alle Vorschriften eingehalten werden. Auch Notfallpl\u00e4ne und Erste-Hilfe-Ma\u00dfnahmen geh\u00f6ren zu seinen Aufgaben.<\/p>\n\n\n\n<p>Mit professioneller SiGeKo-Unterst\u00fctzung werden Baustellen sicherer, effizienter und rechtssicher gef\u00fchrt. Unternehmen profitieren nicht nur von weniger Arbeitsausf\u00e4llen, sondern auch von einem reibungslosen Bauablauf. Sicherheit zahlt sich aus \u2013 f\u00fcr alle Beteiligten!<\/p>\n","protected":false},"excerpt":{"rendered":"<p>SiGeKo: Sicherheit auf der Baustelle beginnt mit Planung! Auf Baustellen lauern zahlreiche Gefahren \u2013 von Absturzrisiken \u00fcber schwere Maschinen bis hin zu unkoordinierten Abl\u00e4ufen. Ein&hellip;<\/p>\n","protected":false},"author":1,"featured_media":0,"parent":0,"menu_order":0,"comment_status":"closed","ping_status":"closed","template":"","meta":{"footnotes":""},"class_list":["post-79","page","type-page","status-publish","hentry"],"_links":{"self":[{"href":"https:\/\/hirte-arbeitssicherheit.de\/index.php\/wp-json\/wp\/v2\/pages\/79","targetHints":{"allow":["GET"]}}],"collection":[{"href":"https:\/\/hirte-arbeitssicherheit.de\/index.php\/wp-json\/wp\/v2\/pages"}],"about":[{"href":"https:\/\/hirte-arbeitssicherheit.de\/index.php\/wp-json\/wp\/v2\/types\/page"}],"author":[{"embeddable":true,"href":"https:\/\/hirte-arbeitssicherheit.de\/index.php\/wp-json\/wp\/v2\/users\/1"}],"replies":[{"embeddable":true,"href":"https:\/\/hirte-arbeitssicherheit.de\/index.php\/wp-json\/wp\/v2\/comments?post=79"}],"version-history":[{"count":2,"href":"https:\/\/hirte-arbeitssicherheit.de\/index.php\/wp-json\/wp\/v2\/pages\/79\/revisions"}],"predecessor-version":[{"id":123,"href":"https:\/\/hirte-arbeitssicherheit.de\/index.php\/wp-json\/wp\/v2\/pages\/79\/revisions\/123"}],"wp:attachment":[{"href":"https:\/\/hirte-arbeitssicherheit.de\/index.php\/wp-json\/wp\/v2\/media?parent=79"}],"curies":[{"name":"wp","href":"https:\/\/api.w.org\/{rel}","templated":true}]}}